{"id":4813,"date":"2026-02-23T17:13:09","date_gmt":"2026-02-23T14:13:09","guid":{"rendered":"https:\/\/daryadentalturkey.com\/umraniye-dis-klinigi\/"},"modified":"2026-02-23T18:05:33","modified_gmt":"2026-02-23T15:05:33","slug":"umraniye-dis-klinigi","status":"publish","type":"page","link":"https:\/\/daryadentalturkey.com\/tr\/umraniye-dis-klinigi\/","title":{"rendered":"\u00dcmraniye Di\u015f Klini\u011fi"},"content":{"rendered":"","protected":false},"excerpt":{"rendered":"","protected":false},"author":1,"featured_media":0,"parent":0,"menu_order":0,"comment_status":"closed","ping_status":"closed","template":"","meta":{"_acf_changed":false,"footnotes":""},"class_list":["post-4813","page","type-page","status-publish","hentry"],"acf":[],"yoast_head":"<!-- This site is optimized with the Yoast SEO Premium plugin v27.3 (Yoast SEO v27.3) - https:\/\/yoast.com\/product\/yoast-seo-premium-wordpress\/ -->\n<title>\u00dcmraniye Di\u015f Klini\u011fi - Darya Dental Clinic<\/title>\n<meta name=\"description\" content=\"\u00dcmraniye di\u015f klini\u011fi - yerel aileler ve uluslararas\u0131 hastalar. Premium bak\u0131m, d\u00fcr\u00fcst fiyatland\u0131rma. Dudullu OSB &amp; \u00c7aml\u0131k yak\u0131n\u0131. Randevu al\u0131n.\" \/>\n<meta name=\"robots\" content=\"index, follow, max-snippet:-1, max-image-preview:large, max-video-preview:-1\" \/>\n<link rel=\"canonical\" href=\"https:\/\/daryadentalturkey.com\/tr\/umraniye-dis-klinigi\/\" \/>\n<meta property=\"og:locale\" content=\"tr_TR\" \/>\n<meta property=\"og:type\" content=\"article\" \/>\n<meta property=\"og:title\" content=\"\u00dcmraniye Di\u015f Klini\u011fi\" \/>\n<meta property=\"og:description\" content=\"\u00dcmraniye di\u015f klini\u011fi - yerel aileler ve uluslararas\u0131 hastalar. Premium bak\u0131m, d\u00fcr\u00fcst fiyatland\u0131rma. Dudullu OSB &amp; \u00c7aml\u0131k yak\u0131n\u0131. Randevu al\u0131n.\" \/>\n<meta property=\"og:url\" content=\"https:\/\/daryadentalturkey.com\/tr\/umraniye-dis-klinigi\/\" \/>\n<meta property=\"og:site_name\" content=\"Darya Dental Clinic\" \/>\n<meta property=\"article:publisher\" content=\"https:\/\/www.facebook.com\/daryadentalturkey\" \/>\n<meta property=\"article:modified_time\" content=\"2026-02-23T15:05:33+00:00\" \/>\n<meta name=\"twitter:card\" content=\"summary_large_image\" \/>\n<script type=\"application\/ld+json\" class=\"yoast-schema-graph\">{\"@context\":\"https:\\\/\\\/schema.org\",\"@graph\":[{\"@type\":\"WebPage\",\"@id\":\"https:\\\/\\\/daryadentalturkey.com\\\/tr\\\/umraniye-dis-klinigi\\\/\",\"url\":\"https:\\\/\\\/daryadentalturkey.com\\\/tr\\\/umraniye-dis-klinigi\\\/\",\"name\":\"\u00dcmraniye Di\u015f Klini\u011fi - Darya Dental Clinic\",\"isPartOf\":{\"@id\":\"https:\\\/\\\/daryadentalturkey.com\\\/tr\\\/#website\"},\"datePublished\":\"2026-02-23T14:13:09+00:00\",\"dateModified\":\"2026-02-23T15:05:33+00:00\",\"description\":\"\u00dcmraniye di\u015f klini\u011fi - yerel aileler ve uluslararas\u0131 hastalar. Premium bak\u0131m, d\u00fcr\u00fcst fiyatland\u0131rma. Dudullu OSB & \u00c7aml\u0131k yak\u0131n\u0131. Randevu al\u0131n.\",\"breadcrumb\":{\"@id\":\"https:\\\/\\\/daryadentalturkey.com\\\/tr\\\/umraniye-dis-klinigi\\\/#breadcrumb\"},\"inLanguage\":\"tr\",\"potentialAction\":[{\"@type\":\"ReadAction\",\"target\":[\"https:\\\/\\\/daryadentalturkey.com\\\/tr\\\/umraniye-dis-klinigi\\\/\"]}]},{\"@type\":\"BreadcrumbList\",\"@id\":\"https:\\\/\\\/daryadentalturkey.com\\\/tr\\\/umraniye-dis-klinigi\\\/#breadcrumb\",\"itemListElement\":[{\"@type\":\"ListItem\",\"position\":1,\"name\":\"Home\",\"item\":\"https:\\\/\\\/daryadentalturkey.com\\\/tr\\\/\"},{\"@type\":\"ListItem\",\"position\":2,\"name\":\"\u00dcmraniye Di\u015f Klini\u011fi\"}]},{\"@type\":\"WebSite\",\"@id\":\"https:\\\/\\\/daryadentalturkey.com\\\/tr\\\/#website\",\"url\":\"https:\\\/\\\/daryadentalturkey.com\\\/tr\\\/\",\"name\":\"Darya Dental Clinic\",\"description\":\"\",\"potentialAction\":[{\"@type\":\"SearchAction\",\"target\":{\"@type\":\"EntryPoint\",\"urlTemplate\":\"https:\\\/\\\/daryadentalturkey.com\\\/tr\\\/?s={search_term_string}\"},\"query-input\":{\"@type\":\"PropertyValueSpecification\",\"valueRequired\":true,\"valueName\":\"search_term_string\"}}],\"inLanguage\":\"tr\"}]}<\/script>\n<!-- \/ Yoast SEO Premium plugin. -->","yoast_head_json":{"title":"\u00dcmraniye Di\u015f Klini\u011fi - Darya Dental Clinic","description":"\u00dcmraniye di\u015f klini\u011fi - yerel aileler ve uluslararas\u0131 hastalar. Premium bak\u0131m, d\u00fcr\u00fcst fiyatland\u0131rma. Dudullu OSB & \u00c7aml\u0131k yak\u0131n\u0131. Randevu al\u0131n.","robots":{"index":"index","follow":"follow","max-snippet":"max-snippet:-1","max-image-preview":"max-image-preview:large","max-video-preview":"max-video-preview:-1"},"canonical":"https:\/\/daryadentalturkey.com\/tr\/umraniye-dis-klinigi\/","og_locale":"tr_TR","og_type":"article","og_title":"\u00dcmraniye Di\u015f Klini\u011fi","og_description":"\u00dcmraniye di\u015f klini\u011fi - yerel aileler ve uluslararas\u0131 hastalar. Premium bak\u0131m, d\u00fcr\u00fcst fiyatland\u0131rma. Dudullu OSB & \u00c7aml\u0131k yak\u0131n\u0131. Randevu al\u0131n.","og_url":"https:\/\/daryadentalturkey.com\/tr\/umraniye-dis-klinigi\/","og_site_name":"Darya Dental Clinic","article_publisher":"https:\/\/www.facebook.com\/daryadentalturkey","article_modified_time":"2026-02-23T15:05:33+00:00","twitter_card":"summary_large_image","schema":{"@context":"https:\/\/schema.org","@graph":[{"@type":"WebPage","@id":"https:\/\/daryadentalturkey.com\/tr\/umraniye-dis-klinigi\/","url":"https:\/\/daryadentalturkey.com\/tr\/umraniye-dis-klinigi\/","name":"\u00dcmraniye Di\u015f Klini\u011fi - Darya Dental Clinic","isPartOf":{"@id":"https:\/\/daryadentalturkey.com\/tr\/#website"},"datePublished":"2026-02-23T14:13:09+00:00","dateModified":"2026-02-23T15:05:33+00:00","description":"\u00dcmraniye di\u015f klini\u011fi - yerel aileler ve uluslararas\u0131 hastalar. Premium bak\u0131m, d\u00fcr\u00fcst fiyatland\u0131rma. Dudullu OSB & \u00c7aml\u0131k yak\u0131n\u0131. Randevu al\u0131n.","breadcrumb":{"@id":"https:\/\/daryadentalturkey.com\/tr\/umraniye-dis-klinigi\/#breadcrumb"},"inLanguage":"tr","potentialAction":[{"@type":"ReadAction","target":["https:\/\/daryadentalturkey.com\/tr\/umraniye-dis-klinigi\/"]}]},{"@type":"BreadcrumbList","@id":"https:\/\/daryadentalturkey.com\/tr\/umraniye-dis-klinigi\/#breadcrumb","itemListElement":[{"@type":"ListItem","position":1,"name":"Home","item":"https:\/\/daryadentalturkey.com\/tr\/"},{"@type":"ListItem","position":2,"name":"\u00dcmraniye Di\u015f Klini\u011fi"}]},{"@type":"WebSite","@id":"https:\/\/daryadentalturkey.com\/tr\/#website","url":"https:\/\/daryadentalturkey.com\/tr\/","name":"Darya Dental Clinic","description":"","potentialAction":[{"@type":"SearchAction","target":{"@type":"EntryPoint","urlTemplate":"https:\/\/daryadentalturkey.com\/tr\/?s={search_term_string}"},"query-input":{"@type":"PropertyValueSpecification","valueRequired":true,"valueName":"search_term_string"}}],"inLanguage":"tr"}]}},"_links":{"self":[{"href":"https:\/\/daryadentalturkey.com\/tr\/wp-json\/wp\/v2\/pages\/4813","targetHints":{"allow":["GET"]}}],"collection":[{"href":"https:\/\/daryadentalturkey.com\/tr\/wp-json\/wp\/v2\/pages"}],"about":[{"href":"https:\/\/daryadentalturkey.com\/tr\/wp-json\/wp\/v2\/types\/page"}],"author":[{"embeddable":true,"href":"https:\/\/daryadentalturkey.com\/tr\/wp-json\/wp\/v2\/users\/1"}],"replies":[{"embeddable":true,"href":"https:\/\/daryadentalturkey.com\/tr\/wp-json\/wp\/v2\/comments?post=4813"}],"version-history":[{"count":4,"href":"https:\/\/daryadentalturkey.com\/tr\/wp-json\/wp\/v2\/pages\/4813\/revisions"}],"predecessor-version":[{"id":4832,"href":"https:\/\/daryadentalturkey.com\/tr\/wp-json\/wp\/v2\/pages\/4813\/revisions\/4832"}],"wp:attachment":[{"href":"https:\/\/daryadentalturkey.com\/tr\/wp-json\/wp\/v2\/media?parent=4813"}],"curies":[{"name":"wp","href":"https:\/\/api.w.org\/{rel}","templated":true}]}}