{"id":4700,"date":"2026-02-19T15:49:09","date_gmt":"2026-02-19T12:49:09","guid":{"rendered":"https:\/\/daryadentalturkey.com\/atasehir-dis-klinigi-size-yakin-premium-bakim\/"},"modified":"2026-02-23T18:08:04","modified_gmt":"2026-02-23T15:08:04","slug":"dis-klinigi-atasehir","status":"publish","type":"page","link":"https:\/\/daryadentalturkey.com\/tr\/dis-klinigi-atasehir\/","title":{"rendered":"Ata\u015fehir Di\u015f Klini\u011fi"},"content":{"rendered":"","protected":false},"excerpt":{"rendered":"","protected":false},"author":1,"featured_media":0,"parent":0,"menu_order":0,"comment_status":"closed","ping_status":"closed","template":"","meta":{"_acf_changed":false,"footnotes":""},"class_list":["post-4700","page","type-page","status-publish","hentry"],"acf":[],"yoast_head":"<!-- This site is optimized with the Yoast SEO Premium plugin v27.3 (Yoast SEO v27.3) - https:\/\/yoast.com\/product\/yoast-seo-premium-wordpress\/ -->\n<title>Ata\u015fehir Di\u015f Klini\u011fi - Darya Dental Clinic<\/title>\n<meta name=\"description\" content=\"Ata\u015fehir&#039;de premium di\u015f klini\u011fi. Veneerler, implantlar, Hollywood G\u00fcl\u00fc\u015f. E80&#039;e 5 dakika. Tek hasta odakl\u0131 hizmet. \u00dccretsiz dan\u0131\u015fma randevusu al\u0131n.\" \/>\n<meta name=\"robots\" content=\"index, follow, max-snippet:-1, max-image-preview:large, max-video-preview:-1\" \/>\n<link rel=\"canonical\" href=\"https:\/\/daryadentalturkey.com\/tr\/dis-klinigi-atasehir\/\" \/>\n<meta property=\"og:locale\" content=\"tr_TR\" \/>\n<meta property=\"og:type\" content=\"article\" \/>\n<meta property=\"og:title\" content=\"Ata\u015fehir Di\u015f Klini\u011fi\" \/>\n<meta property=\"og:description\" content=\"Ata\u015fehir&#039;de premium di\u015f klini\u011fi. Veneerler, implantlar, Hollywood G\u00fcl\u00fc\u015f. E80&#039;e 5 dakika. Tek hasta odakl\u0131 hizmet. \u00dccretsiz dan\u0131\u015fma randevusu al\u0131n.\" \/>\n<meta property=\"og:url\" content=\"https:\/\/daryadentalturkey.com\/tr\/dis-klinigi-atasehir\/\" \/>\n<meta property=\"og:site_name\" content=\"Darya Dental Clinic\" \/>\n<meta property=\"article:publisher\" content=\"https:\/\/www.facebook.com\/daryadentalturkey\" \/>\n<meta property=\"article:modified_time\" content=\"2026-02-23T15:08:04+00:00\" \/>\n<meta name=\"twitter:card\" content=\"summary_large_image\" \/>\n<meta name=\"twitter:label1\" content=\"Tahmini okuma s\u00fcresi\" \/>\n\t<meta name=\"twitter:data1\" content=\"6 dakika\" \/>\n<script type=\"application\/ld+json\" class=\"yoast-schema-graph\">{\"@context\":\"https:\\\/\\\/schema.org\",\"@graph\":[{\"@type\":\"WebPage\",\"@id\":\"https:\\\/\\\/daryadentalturkey.com\\\/tr\\\/dis-klinigi-atasehir\\\/\",\"url\":\"https:\\\/\\\/daryadentalturkey.com\\\/tr\\\/dis-klinigi-atasehir\\\/\",\"name\":\"Ata\u015fehir Di\u015f Klini\u011fi - Darya Dental Clinic\",\"isPartOf\":{\"@id\":\"https:\\\/\\\/daryadentalturkey.com\\\/tr\\\/#website\"},\"datePublished\":\"2026-02-19T12:49:09+00:00\",\"dateModified\":\"2026-02-23T15:08:04+00:00\",\"description\":\"Ata\u015fehir'de premium di\u015f klini\u011fi. Veneerler, implantlar, Hollywood G\u00fcl\u00fc\u015f. E80'e 5 dakika. Tek hasta odakl\u0131 hizmet. \u00dccretsiz dan\u0131\u015fma randevusu al\u0131n.\",\"breadcrumb\":{\"@id\":\"https:\\\/\\\/daryadentalturkey.com\\\/tr\\\/dis-klinigi-atasehir\\\/#breadcrumb\"},\"inLanguage\":\"tr\",\"potentialAction\":[{\"@type\":\"ReadAction\",\"target\":[\"https:\\\/\\\/daryadentalturkey.com\\\/tr\\\/dis-klinigi-atasehir\\\/\"]}]},{\"@type\":\"BreadcrumbList\",\"@id\":\"https:\\\/\\\/daryadentalturkey.com\\\/tr\\\/dis-klinigi-atasehir\\\/#breadcrumb\",\"itemListElement\":[{\"@type\":\"ListItem\",\"position\":1,\"name\":\"Home\",\"item\":\"https:\\\/\\\/daryadentalturkey.com\\\/tr\\\/\"},{\"@type\":\"ListItem\",\"position\":2,\"name\":\"Ata\u015fehir Di\u015f Klini\u011fi\"}]},{\"@type\":\"WebSite\",\"@id\":\"https:\\\/\\\/daryadentalturkey.com\\\/tr\\\/#website\",\"url\":\"https:\\\/\\\/daryadentalturkey.com\\\/tr\\\/\",\"name\":\"Darya Dental Clinic\",\"description\":\"\",\"potentialAction\":[{\"@type\":\"SearchAction\",\"target\":{\"@type\":\"EntryPoint\",\"urlTemplate\":\"https:\\\/\\\/daryadentalturkey.com\\\/tr\\\/?s={search_term_string}\"},\"query-input\":{\"@type\":\"PropertyValueSpecification\",\"valueRequired\":true,\"valueName\":\"search_term_string\"}}],\"inLanguage\":\"tr\"}]}<\/script>\n<!-- \/ Yoast SEO Premium plugin. -->","yoast_head_json":{"title":"Ata\u015fehir Di\u015f Klini\u011fi - Darya Dental Clinic","description":"Ata\u015fehir'de premium di\u015f klini\u011fi. Veneerler, implantlar, Hollywood G\u00fcl\u00fc\u015f. E80'e 5 dakika. Tek hasta odakl\u0131 hizmet. \u00dccretsiz dan\u0131\u015fma randevusu al\u0131n.","robots":{"index":"index","follow":"follow","max-snippet":"max-snippet:-1","max-image-preview":"max-image-preview:large","max-video-preview":"max-video-preview:-1"},"canonical":"https:\/\/daryadentalturkey.com\/tr\/dis-klinigi-atasehir\/","og_locale":"tr_TR","og_type":"article","og_title":"Ata\u015fehir Di\u015f Klini\u011fi","og_description":"Ata\u015fehir'de premium di\u015f klini\u011fi. Veneerler, implantlar, Hollywood G\u00fcl\u00fc\u015f. E80'e 5 dakika. Tek hasta odakl\u0131 hizmet. \u00dccretsiz dan\u0131\u015fma randevusu al\u0131n.","og_url":"https:\/\/daryadentalturkey.com\/tr\/dis-klinigi-atasehir\/","og_site_name":"Darya Dental Clinic","article_publisher":"https:\/\/www.facebook.com\/daryadentalturkey","article_modified_time":"2026-02-23T15:08:04+00:00","twitter_card":"summary_large_image","twitter_misc":{"Tahmini okuma s\u00fcresi":"6 dakika"},"schema":{"@context":"https:\/\/schema.org","@graph":[{"@type":"WebPage","@id":"https:\/\/daryadentalturkey.com\/tr\/dis-klinigi-atasehir\/","url":"https:\/\/daryadentalturkey.com\/tr\/dis-klinigi-atasehir\/","name":"Ata\u015fehir Di\u015f Klini\u011fi - Darya Dental Clinic","isPartOf":{"@id":"https:\/\/daryadentalturkey.com\/tr\/#website"},"datePublished":"2026-02-19T12:49:09+00:00","dateModified":"2026-02-23T15:08:04+00:00","description":"Ata\u015fehir'de premium di\u015f klini\u011fi. Veneerler, implantlar, Hollywood G\u00fcl\u00fc\u015f. E80'e 5 dakika. Tek hasta odakl\u0131 hizmet. \u00dccretsiz dan\u0131\u015fma randevusu al\u0131n.","breadcrumb":{"@id":"https:\/\/daryadentalturkey.com\/tr\/dis-klinigi-atasehir\/#breadcrumb"},"inLanguage":"tr","potentialAction":[{"@type":"ReadAction","target":["https:\/\/daryadentalturkey.com\/tr\/dis-klinigi-atasehir\/"]}]},{"@type":"BreadcrumbList","@id":"https:\/\/daryadentalturkey.com\/tr\/dis-klinigi-atasehir\/#breadcrumb","itemListElement":[{"@type":"ListItem","position":1,"name":"Home","item":"https:\/\/daryadentalturkey.com\/tr\/"},{"@type":"ListItem","position":2,"name":"Ata\u015fehir Di\u015f Klini\u011fi"}]},{"@type":"WebSite","@id":"https:\/\/daryadentalturkey.com\/tr\/#website","url":"https:\/\/daryadentalturkey.com\/tr\/","name":"Darya Dental Clinic","description":"","potentialAction":[{"@type":"SearchAction","target":{"@type":"EntryPoint","urlTemplate":"https:\/\/daryadentalturkey.com\/tr\/?s={search_term_string}"},"query-input":{"@type":"PropertyValueSpecification","valueRequired":true,"valueName":"search_term_string"}}],"inLanguage":"tr"}]}},"_links":{"self":[{"href":"https:\/\/daryadentalturkey.com\/tr\/wp-json\/wp\/v2\/pages\/4700","targetHints":{"allow":["GET"]}}],"collection":[{"href":"https:\/\/daryadentalturkey.com\/tr\/wp-json\/wp\/v2\/pages"}],"about":[{"href":"https:\/\/daryadentalturkey.com\/tr\/wp-json\/wp\/v2\/types\/page"}],"author":[{"embeddable":true,"href":"https:\/\/daryadentalturkey.com\/tr\/wp-json\/wp\/v2\/users\/1"}],"replies":[{"embeddable":true,"href":"https:\/\/daryadentalturkey.com\/tr\/wp-json\/wp\/v2\/comments?post=4700"}],"version-history":[{"count":4,"href":"https:\/\/daryadentalturkey.com\/tr\/wp-json\/wp\/v2\/pages\/4700\/revisions"}],"predecessor-version":[{"id":4836,"href":"https:\/\/daryadentalturkey.com\/tr\/wp-json\/wp\/v2\/pages\/4700\/revisions\/4836"}],"wp:attachment":[{"href":"https:\/\/daryadentalturkey.com\/tr\/wp-json\/wp\/v2\/media?parent=4700"}],"curies":[{"name":"wp","href":"https:\/\/api.w.org\/{rel}","templated":true}]}}