{"id":3360,"date":"2026-01-10T22:47:37","date_gmt":"2026-01-10T19:47:37","guid":{"rendered":"https:\/\/daryadentalturkey.com\/guvenlik-politikasi\/"},"modified":"2026-01-28T17:01:56","modified_gmt":"2026-01-28T14:01:56","slug":"guvenlik-politikasi","status":"publish","type":"page","link":"https:\/\/daryadentalturkey.com\/tr\/guvenlik-politikasi\/","title":{"rendered":"G\u00fcvenlik Politikas\u0131"},"content":{"rendered":"\n<p>1. Giri\u015f<br\/>Alptekin Cd. No:17 Tatl\u0131su, 34774 \u00dcmraniye\/\u0130stanbul, T\u00fcrkiye adresinde bulunan Darya Dental Clinic olarak, hastalar\u0131m\u0131z\u0131n, personelimizin ve payda\u015flar\u0131m\u0131z\u0131n g\u00fcvenli\u011fine ve gizlili\u011fine \u00f6ncelik veriyoruz. Bu G\u00fcvenlik Politikas\u0131, ki\u015fisel bilgilerin, fiziksel varl\u0131klar\u0131n ve dijital altyap\u0131n\u0131n g\u00fcvenli\u011fini sa\u011flamak i\u00e7in ald\u0131\u011f\u0131m\u0131z \u00f6nlemleri \u00f6zetlemektedir.  <\/p>\n\n<p>2. Kapsam<br\/>Bu politika, Darya Dental Clinic&#8217;in t\u00fcm \u00e7al\u0131\u015fanlar\u0131, y\u00fcklenicileri ve ortaklar\u0131 i\u00e7in ge\u00e7erlidir. \u015eunlar\u0131 kapsar: <\/p>\n\n<ul class=\"wp-block-list\">\n<li>Hasta ve personel bilgilerinin korumas\u0131.Protection of patient and staff information.<\/li>\n\n\n\n<li>Klini\u011fin fiziksel tesislerinin g\u00fcvenli\u011fi.<\/li>\n\n\n\n<li>Dijital sistemlerin ve verilerin korunmas\u0131.<\/li>\n<\/ul>\n\n<p><strong>3. Fiziksel G\u00fcvenlik<\/strong><\/p>\n\n<ul class=\"wp-block-list\">\n<li>Klini\u011fe eri\u015fim yaln\u0131zca yetkili personel ile s\u0131n\u0131rl\u0131d\u0131r.<\/li>\n\n\n\n<li>G\u00fcvenlik kameralar\u0131, 7\/24 aktiviteyi izlemek i\u00e7in kamusal ve hassas alanlarda kurulmu\u015ftur.<\/li>\n\n\n\n<li>Kap\u0131lar ve pencereler y\u00fcksek kaliteli kilitlerle g\u00fcvence alt\u0131na al\u0131nm\u0131\u015ft\u0131r ve k\u0131s\u0131tl\u0131 alanlara eri\u015fim anahtar kartlar veya anahtarlar arac\u0131l\u0131\u011f\u0131yla kontrol edilir.<\/li>\n\n\n\n<li>Yang\u0131n alarm\u0131 ve acil tahliye sistemi mevcuttur ve d\u00fczenli olarak test edilir.<\/li>\n<\/ul>\n\n<p><strong>4. Veri G\u00fcvenli\u011fi<\/strong><\/p>\n\n<ul class=\"wp-block-list\">\n<li>Hasta verileri, GDPR ve T\u00fcrk veri koruma yasalar\u0131na uygun olarak g\u00fcvenli bir \u015fekilde saklan\u0131r.<\/li>\n\n\n\n<li>T\u00fcm dijital hasta kay\u0131tlar\u0131 \u015fifrelenir ve \u015fifre korumal\u0131d\u0131r.<\/li>\n\n\n\n<li>Yaln\u0131zca yetkili personel hasta bilgilerine eri\u015febilir ve denetim ama\u00e7l\u0131 eri\u015fim kay\u0131tlar\u0131 tutulur.<\/li>\n\n\n\n<li>Dijital verilerin d\u00fczenli yedeklemeleri yap\u0131l\u0131r ve g\u00fcvenli bir konumda saklan\u0131r.<\/li>\n<\/ul>\n\n<p><strong>5. Siber G\u00fcvenlik \u00d6nlemleri<\/strong><\/p>\n\n<ul class=\"wp-block-list\">\n<li>Klinikte kullan\u0131lan t\u00fcm bilgisayarlar ve dijital cihazlar, g\u00fcncel antivir\u00fcs ve g\u00fcvenlik duvar\u0131 yaz\u0131l\u0131m\u0131 ile korunmaktad\u0131r.<\/li>\n\n\n\n<li>Personel, kimlik av\u0131 giri\u015fimlerini ve di\u011fer siber tehditleri tan\u0131mak ve bunlardan ka\u00e7\u0131nmak i\u00e7in e\u011fitilir.<\/li>\n\n\n\n<li>E-postalar dahil olmak \u00fczere hassas ileti\u015fimler, g\u00fcvenli protokoller kullan\u0131larak \u015fifrelenir.<\/li>\n\n\n\n<li>Klini\u011fin web sitesi (<a>https:\/\/daryadentalturkey.com)<\/a> g\u00fcvenli ileti\u015fimi sa\u011flamak i\u00e7in HTTPS \u015fifreleme kullan\u0131r.<\/li>\n<\/ul>\n\n<p><strong>6. Personel E\u011fitimi<\/strong><\/p>\n\n<ul class=\"wp-block-list\">\n<li>\u00c7al\u0131\u015fanlar, hasta verilerini i\u015fleme, g\u00fcvenlik tehditlerini tan\u0131ma ve acil durumlara m\u00fcdahale etme dahil olmak \u00fczere g\u00fcvenlik en iyi uygulamalar\u0131 konusunda e\u011fitilir.<\/li>\n\n\n\n<li>Personeli yeni g\u00fcvenlik \u00f6nlemleri ve potansiyel riskler hakk\u0131nda bilgilendirilmi\u015f tutmak i\u00e7in d\u00fczenli at\u00f6lye \u00e7al\u0131\u015fmalar\u0131 ve g\u00fcncellemeler sa\u011flan\u0131r.<\/li>\n<\/ul>\n\n<p><strong>7. Incident Res7. Olay M\u00fcdahalesi<\/strong><\/p>\n\n<ul class=\"wp-block-list\">\n<li>Veri ihlalleri, h\u0131rs\u0131zl\u0131k veya yetkisiz eri\u015fim dahil olmak \u00fczere g\u00fcvenlik olaylar\u0131na m\u00fcdahale etmek i\u00e7in net bir protokol mevcuttur.<\/li>\n\n\n\n<li>Herhangi bir olay belgelenecek, soru\u015fturulacak ve derhal \u00e7\u00f6z\u00fclecektir.<\/li>\n\n\n\n<li>Hastalar ve ilgili makamlar, kendi bilgilerini i\u00e7eren herhangi bir veri ihlali durumunda, yasalar\u0131n gerektirdi\u011fi \u015fekilde bilgilendirilecektir.<\/li>\n<\/ul>\n\n<p><strong>8. \u00dc\u00e7\u00fcnc\u00fc Taraf G\u00fcvenli\u011fi<\/strong><\/p>\n\n<ul class=\"wp-block-list\">\n<li>\u00dc\u00e7\u00fcnc\u00fc taraf tedarik\u00e7ilerin ve y\u00fcklenicilerin g\u00fcvenlik standartlar\u0131m\u0131za uymas\u0131 gerekmektedir.<\/li>\n\n\n\n<li>Harici taraflarla payla\u015f\u0131lan veriler minimize edilir ve anla\u015fmalar ve \u015fifreleme yoluyla korunur.<\/li>\n<\/ul>\n\n<p><strong>9. Periyodik \u0130nceleme ve G\u00fcncellemeler<\/strong><\/p>\n\n<ul class=\"wp-block-list\">\n<li>Bu G\u00fcvenlik Politikas\u0131, ortaya \u00e7\u0131kan tehditleri ve yeni teknolojileri ele almak i\u00e7in y\u0131ll\u0131k olarak veya gerekti\u011finde g\u00f6zden ge\u00e7irilir ve g\u00fcncellenir.<\/li>\n<\/ul>\n\n<p>10. \u0130leti\u015fim Bilgileri<br\/>G\u00fcvenlikle ilgili herhangi bir soru veya endi\u015fe i\u00e7in l\u00fctfen bizimle ileti\u015fime ge\u00e7in:<\/p>\n\n<ul class=\"wp-block-list\">\n<li>Telefon: +90 530 567 97 11<\/li>\n\n\n\n<li><strong>E-posta<\/strong>: <a>info@daryadentalturkey.com<\/a><\/li>\n\n\n\n<li><strong>Adres<\/strong>: Alptekin Cd. No:17 Tatl\u0131su, 34774 \u00dcmraniye\/Istanbul, Turkey <\/li>\n<\/ul>\n\n<p>11. Sonu\u00e7<br\/>Darya Dental Clinic, t\u00fcm hastalar ve personel i\u00e7in g\u00fcvenli ve emniyetli bir ortam sa\u011flamaya kararl\u0131d\u0131r. Bu G\u00fcvenlik Politikas\u0131na ba\u011fl\u0131 kalarak, g\u00fcveni korumay\u0131 ve operasyonlar\u0131m\u0131z\u0131n t\u00fcm y\u00f6nlerinde en y\u00fcksek g\u00fcvenlik standartlar\u0131n\u0131 s\u00fcrd\u00fcrmeyi ama\u00e7l\u0131yoruz. <\/p>\n","protected":false},"excerpt":{"rendered":"<p>1. Giri\u015fAlptekin Cd. No:17 Tatl\u0131su, 34774 \u00dcmraniye\/\u0130stanbul, T\u00fcrkiye adresinde bulunan Darya Dental Clinic olarak, hastalar\u0131m\u0131z\u0131n, personelimizin ve payda\u015flar\u0131m\u0131z\u0131n g\u00fcvenli\u011fine ve gizlili\u011fine \u00f6ncelik veriyoruz. Bu G\u00fcvenlik Politikas\u0131, ki\u015fisel bilgilerin, fiziksel varl\u0131klar\u0131n ve dijital altyap\u0131n\u0131n g\u00fcvenli\u011fini sa\u011flamak i\u00e7in ald\u0131\u011f\u0131m\u0131z \u00f6nlemleri \u00f6zetlemektedir. 2. KapsamBu politika, Darya Dental Clinic&#8217;in t\u00fcm \u00e7al\u0131\u015fanlar\u0131, y\u00fcklenicileri ve ortaklar\u0131 i\u00e7in ge\u00e7erlidir. \u015eunlar\u0131 kapsar: 3. [&hellip;]<\/p>\n","protected":false},"author":2,"featured_media":0,"parent":0,"menu_order":0,"comment_status":"closed","ping_status":"closed","template":"","meta":{"_acf_changed":false,"footnotes":""},"class_list":["post-3360","page","type-page","status-publish","hentry"],"acf":[],"yoast_head":"<!-- This site is optimized with the Yoast SEO Premium plugin v27.4 (Yoast SEO v27.4) - https:\/\/yoast.com\/product\/yoast-seo-premium-wordpress\/ -->\n<title>G\u00fcvenlik Politikas\u0131 - Darya Dental Clinic<\/title>\n<meta name=\"robots\" content=\"index, follow, max-snippet:-1, max-image-preview:large, max-video-preview:-1\" \/>\n<link rel=\"canonical\" href=\"https:\/\/daryadentalturkey.com\/tr\/guvenlik-politikasi\/\" \/>\n<meta property=\"og:locale\" content=\"tr_TR\" \/>\n<meta property=\"og:type\" content=\"article\" \/>\n<meta property=\"og:title\" content=\"G\u00fcvenlik Politikas\u0131\" \/>\n<meta property=\"og:description\" content=\"1. Giri\u015fAlptekin Cd. No:17 Tatl\u0131su, 34774 \u00dcmraniye\/\u0130stanbul, T\u00fcrkiye adresinde bulunan Darya Dental Clinic olarak, hastalar\u0131m\u0131z\u0131n, personelimizin ve payda\u015flar\u0131m\u0131z\u0131n g\u00fcvenli\u011fine ve gizlili\u011fine \u00f6ncelik veriyoruz. Bu G\u00fcvenlik Politikas\u0131, ki\u015fisel bilgilerin, fiziksel varl\u0131klar\u0131n ve dijital altyap\u0131n\u0131n g\u00fcvenli\u011fini sa\u011flamak i\u00e7in ald\u0131\u011f\u0131m\u0131z \u00f6nlemleri \u00f6zetlemektedir. 2. KapsamBu politika, Darya Dental Clinic&#8217;in t\u00fcm \u00e7al\u0131\u015fanlar\u0131, y\u00fcklenicileri ve ortaklar\u0131 i\u00e7in ge\u00e7erlidir. \u015eunlar\u0131 kapsar: 3. [&hellip;]\" \/>\n<meta property=\"og:url\" content=\"https:\/\/daryadentalturkey.com\/tr\/guvenlik-politikasi\/\" \/>\n<meta property=\"og:site_name\" content=\"Darya Dental Clinic\" \/>\n<meta property=\"article:publisher\" content=\"https:\/\/www.facebook.com\/daryadentalturkey\" \/>\n<meta property=\"article:modified_time\" content=\"2026-01-28T14:01:56+00:00\" \/>\n<meta name=\"twitter:card\" content=\"summary_large_image\" \/>\n<meta name=\"twitter:label1\" content=\"Tahmini okuma s\u00fcresi\" \/>\n\t<meta name=\"twitter:data1\" content=\"3 dakika\" \/>\n<script type=\"application\/ld+json\" class=\"yoast-schema-graph\">{\"@context\":\"https:\\\/\\\/schema.org\",\"@graph\":[{\"@type\":\"WebPage\",\"@id\":\"https:\\\/\\\/daryadentalturkey.com\\\/tr\\\/guvenlik-politikasi\\\/\",\"url\":\"https:\\\/\\\/daryadentalturkey.com\\\/tr\\\/guvenlik-politikasi\\\/\",\"name\":\"G\u00fcvenlik Politikas\u0131 - Darya Dental Clinic\",\"isPartOf\":{\"@id\":\"https:\\\/\\\/daryadentalturkey.com\\\/tr\\\/#website\"},\"datePublished\":\"2026-01-10T19:47:37+00:00\",\"dateModified\":\"2026-01-28T14:01:56+00:00\",\"breadcrumb\":{\"@id\":\"https:\\\/\\\/daryadentalturkey.com\\\/tr\\\/guvenlik-politikasi\\\/#breadcrumb\"},\"inLanguage\":\"tr\",\"potentialAction\":[{\"@type\":\"ReadAction\",\"target\":[\"https:\\\/\\\/daryadentalturkey.com\\\/tr\\\/guvenlik-politikasi\\\/\"]}]},{\"@type\":\"BreadcrumbList\",\"@id\":\"https:\\\/\\\/daryadentalturkey.com\\\/tr\\\/guvenlik-politikasi\\\/#breadcrumb\",\"itemListElement\":[{\"@type\":\"ListItem\",\"position\":1,\"name\":\"Home\",\"item\":\"https:\\\/\\\/daryadentalturkey.com\\\/tr\\\/\"},{\"@type\":\"ListItem\",\"position\":2,\"name\":\"G\u00fcvenlik Politikas\u0131\"}]},{\"@type\":\"WebSite\",\"@id\":\"https:\\\/\\\/daryadentalturkey.com\\\/tr\\\/#website\",\"url\":\"https:\\\/\\\/daryadentalturkey.com\\\/tr\\\/\",\"name\":\"Darya Dental Clinic\",\"description\":\"\",\"potentialAction\":[{\"@type\":\"SearchAction\",\"target\":{\"@type\":\"EntryPoint\",\"urlTemplate\":\"https:\\\/\\\/daryadentalturkey.com\\\/tr\\\/?s={search_term_string}\"},\"query-input\":{\"@type\":\"PropertyValueSpecification\",\"valueRequired\":true,\"valueName\":\"search_term_string\"}}],\"inLanguage\":\"tr\"}]}<\/script>\n<!-- \/ Yoast SEO Premium plugin. -->","yoast_head_json":{"title":"G\u00fcvenlik Politikas\u0131 - Darya Dental Clinic","robots":{"index":"index","follow":"follow","max-snippet":"max-snippet:-1","max-image-preview":"max-image-preview:large","max-video-preview":"max-video-preview:-1"},"canonical":"https:\/\/daryadentalturkey.com\/tr\/guvenlik-politikasi\/","og_locale":"tr_TR","og_type":"article","og_title":"G\u00fcvenlik Politikas\u0131","og_description":"1. Giri\u015fAlptekin Cd. No:17 Tatl\u0131su, 34774 \u00dcmraniye\/\u0130stanbul, T\u00fcrkiye adresinde bulunan Darya Dental Clinic olarak, hastalar\u0131m\u0131z\u0131n, personelimizin ve payda\u015flar\u0131m\u0131z\u0131n g\u00fcvenli\u011fine ve gizlili\u011fine \u00f6ncelik veriyoruz. Bu G\u00fcvenlik Politikas\u0131, ki\u015fisel bilgilerin, fiziksel varl\u0131klar\u0131n ve dijital altyap\u0131n\u0131n g\u00fcvenli\u011fini sa\u011flamak i\u00e7in ald\u0131\u011f\u0131m\u0131z \u00f6nlemleri \u00f6zetlemektedir. 2. KapsamBu politika, Darya Dental Clinic&#8217;in t\u00fcm \u00e7al\u0131\u015fanlar\u0131, y\u00fcklenicileri ve ortaklar\u0131 i\u00e7in ge\u00e7erlidir. \u015eunlar\u0131 kapsar: 3. [&hellip;]","og_url":"https:\/\/daryadentalturkey.com\/tr\/guvenlik-politikasi\/","og_site_name":"Darya Dental Clinic","article_publisher":"https:\/\/www.facebook.com\/daryadentalturkey","article_modified_time":"2026-01-28T14:01:56+00:00","twitter_card":"summary_large_image","twitter_misc":{"Tahmini okuma s\u00fcresi":"3 dakika"},"schema":{"@context":"https:\/\/schema.org","@graph":[{"@type":"WebPage","@id":"https:\/\/daryadentalturkey.com\/tr\/guvenlik-politikasi\/","url":"https:\/\/daryadentalturkey.com\/tr\/guvenlik-politikasi\/","name":"G\u00fcvenlik Politikas\u0131 - Darya Dental Clinic","isPartOf":{"@id":"https:\/\/daryadentalturkey.com\/tr\/#website"},"datePublished":"2026-01-10T19:47:37+00:00","dateModified":"2026-01-28T14:01:56+00:00","breadcrumb":{"@id":"https:\/\/daryadentalturkey.com\/tr\/guvenlik-politikasi\/#breadcrumb"},"inLanguage":"tr","potentialAction":[{"@type":"ReadAction","target":["https:\/\/daryadentalturkey.com\/tr\/guvenlik-politikasi\/"]}]},{"@type":"BreadcrumbList","@id":"https:\/\/daryadentalturkey.com\/tr\/guvenlik-politikasi\/#breadcrumb","itemListElement":[{"@type":"ListItem","position":1,"name":"Home","item":"https:\/\/daryadentalturkey.com\/tr\/"},{"@type":"ListItem","position":2,"name":"G\u00fcvenlik Politikas\u0131"}]},{"@type":"WebSite","@id":"https:\/\/daryadentalturkey.com\/tr\/#website","url":"https:\/\/daryadentalturkey.com\/tr\/","name":"Darya Dental Clinic","description":"","potentialAction":[{"@type":"SearchAction","target":{"@type":"EntryPoint","urlTemplate":"https:\/\/daryadentalturkey.com\/tr\/?s={search_term_string}"},"query-input":{"@type":"PropertyValueSpecification","valueRequired":true,"valueName":"search_term_string"}}],"inLanguage":"tr"}]}},"_links":{"self":[{"href":"https:\/\/daryadentalturkey.com\/tr\/wp-json\/wp\/v2\/pages\/3360","targetHints":{"allow":["GET"]}}],"collection":[{"href":"https:\/\/daryadentalturkey.com\/tr\/wp-json\/wp\/v2\/pages"}],"about":[{"href":"https:\/\/daryadentalturkey.com\/tr\/wp-json\/wp\/v2\/types\/page"}],"author":[{"embeddable":true,"href":"https:\/\/daryadentalturkey.com\/tr\/wp-json\/wp\/v2\/users\/2"}],"replies":[{"embeddable":true,"href":"https:\/\/daryadentalturkey.com\/tr\/wp-json\/wp\/v2\/comments?post=3360"}],"version-history":[{"count":1,"href":"https:\/\/daryadentalturkey.com\/tr\/wp-json\/wp\/v2\/pages\/3360\/revisions"}],"predecessor-version":[{"id":3361,"href":"https:\/\/daryadentalturkey.com\/tr\/wp-json\/wp\/v2\/pages\/3360\/revisions\/3361"}],"wp:attachment":[{"href":"https:\/\/daryadentalturkey.com\/tr\/wp-json\/wp\/v2\/media?parent=3360"}],"curies":[{"name":"wp","href":"https:\/\/api.w.org\/{rel}","templated":true}]}}