{"id":2880,"date":"2025-12-15T11:46:54","date_gmt":"2025-12-15T08:46:54","guid":{"rendered":"https:\/\/daryadentalturkey.com\/staging\/ekibimiz\/"},"modified":"2026-03-11T11:54:19","modified_gmt":"2026-03-11T08:54:19","slug":"ekibimiz","status":"publish","type":"page","link":"https:\/\/daryadentalturkey.com\/tr\/ekibimiz\/","title":{"rendered":"Ekibimiz"},"content":{"rendered":"","protected":false},"excerpt":{"rendered":"","protected":false},"author":2,"featured_media":0,"parent":0,"menu_order":0,"comment_status":"closed","ping_status":"closed","template":"","meta":{"_acf_changed":false,"footnotes":""},"class_list":["post-2880","page","type-page","status-publish","hentry"],"acf":[],"yoast_head":"<!-- This site is optimized with the Yoast SEO Premium plugin v27.3 (Yoast SEO v27.3) - https:\/\/yoast.com\/product\/yoast-seo-premium-wordpress\/ -->\n<title>Ekibimiz - Darya Dental Clinic<\/title>\n<meta name=\"description\" content=\"Darya Dental Turkey&#039;de uzman di\u015f hekimli\u011fi ekibi. Sertifikal\u0131 uzmanlar, \u00e7ok dilli destek, kozmetik di\u015f hekimli\u011fi &amp; dental turizmde kapsaml\u0131 deneyim.\" \/>\n<meta name=\"robots\" content=\"index, follow, max-snippet:-1, max-image-preview:large, max-video-preview:-1\" \/>\n<link rel=\"canonical\" href=\"https:\/\/daryadentalturkey.com\/tr\/ekibimiz\/\" \/>\n<meta property=\"og:locale\" content=\"tr_TR\" \/>\n<meta property=\"og:type\" content=\"article\" \/>\n<meta property=\"og:title\" content=\"Darya Dental Ekibi: A\u011f\u0131z Sa\u011fl\u0131\u011f\u0131 Uzmanlar\u0131\" \/>\n<meta property=\"og:description\" content=\"Darya dental ekibi ile k\u00fcresel uzmanl\u0131\u011f\u0131 deneyimleyin. Yetenekli profesyonellerimiz di\u015f sa\u011fl\u0131\u011f\u0131 yolculu\u011funuza kendini adam\u0131\u015ft\u0131r.\" \/>\n<meta property=\"og:url\" content=\"https:\/\/daryadentalturkey.com\/tr\/ekibimiz\/\" \/>\n<meta property=\"og:site_name\" content=\"Darya Dental Clinic\" \/>\n<meta property=\"article:publisher\" content=\"https:\/\/www.facebook.com\/daryadentalturkey\" \/>\n<meta property=\"article:modified_time\" content=\"2026-03-11T08:54:19+00:00\" \/>\n<meta property=\"og:image\" content=\"https:\/\/daryadentalturkey.com\/staging\/wp-content\/uploads\/Team-with-Darya-Hn.-copy-1024x384.webp\" \/>\n<meta name=\"twitter:card\" content=\"summary_large_image\" \/>\n<meta name=\"twitter:title\" content=\"Ekibimiz\" \/>\n<script type=\"application\/ld+json\" class=\"yoast-schema-graph\">{\"@context\":\"https:\\\/\\\/schema.org\",\"@graph\":[{\"@type\":\"WebPage\",\"@id\":\"https:\\\/\\\/daryadentalturkey.com\\\/tr\\\/ekibimiz\\\/\",\"url\":\"https:\\\/\\\/daryadentalturkey.com\\\/tr\\\/ekibimiz\\\/\",\"name\":\"Ekibimiz - Darya Dental Clinic\",\"isPartOf\":{\"@id\":\"https:\\\/\\\/daryadentalturkey.com\\\/tr\\\/#website\"},\"datePublished\":\"2025-12-15T08:46:54+00:00\",\"dateModified\":\"2026-03-11T08:54:19+00:00\",\"description\":\"Darya Dental Turkey'de uzman di\u015f hekimli\u011fi ekibi. Sertifikal\u0131 uzmanlar, \u00e7ok dilli destek, kozmetik di\u015f hekimli\u011fi & dental turizmde kapsaml\u0131 deneyim.\",\"breadcrumb\":{\"@id\":\"https:\\\/\\\/daryadentalturkey.com\\\/tr\\\/ekibimiz\\\/#breadcrumb\"},\"inLanguage\":\"tr\",\"potentialAction\":[{\"@type\":\"ReadAction\",\"target\":[\"https:\\\/\\\/daryadentalturkey.com\\\/tr\\\/ekibimiz\\\/\"]}]},{\"@type\":\"BreadcrumbList\",\"@id\":\"https:\\\/\\\/daryadentalturkey.com\\\/tr\\\/ekibimiz\\\/#breadcrumb\",\"itemListElement\":[{\"@type\":\"ListItem\",\"position\":1,\"name\":\"Home\",\"item\":\"https:\\\/\\\/daryadentalturkey.com\\\/tr\\\/\"},{\"@type\":\"ListItem\",\"position\":2,\"name\":\"Ekibimiz\"}]},{\"@type\":\"WebSite\",\"@id\":\"https:\\\/\\\/daryadentalturkey.com\\\/tr\\\/#website\",\"url\":\"https:\\\/\\\/daryadentalturkey.com\\\/tr\\\/\",\"name\":\"Darya Dental Clinic\",\"description\":\"\",\"potentialAction\":[{\"@type\":\"SearchAction\",\"target\":{\"@type\":\"EntryPoint\",\"urlTemplate\":\"https:\\\/\\\/daryadentalturkey.com\\\/tr\\\/?s={search_term_string}\"},\"query-input\":{\"@type\":\"PropertyValueSpecification\",\"valueRequired\":true,\"valueName\":\"search_term_string\"}}],\"inLanguage\":\"tr\"}]}<\/script>\n<!-- \/ Yoast SEO Premium plugin. -->","yoast_head_json":{"title":"Ekibimiz - Darya Dental Clinic","description":"Darya Dental Turkey'de uzman di\u015f hekimli\u011fi ekibi. Sertifikal\u0131 uzmanlar, \u00e7ok dilli destek, kozmetik di\u015f hekimli\u011fi & dental turizmde kapsaml\u0131 deneyim.","robots":{"index":"index","follow":"follow","max-snippet":"max-snippet:-1","max-image-preview":"max-image-preview:large","max-video-preview":"max-video-preview:-1"},"canonical":"https:\/\/daryadentalturkey.com\/tr\/ekibimiz\/","og_locale":"tr_TR","og_type":"article","og_title":"Darya Dental Ekibi: A\u011f\u0131z Sa\u011fl\u0131\u011f\u0131 Uzmanlar\u0131","og_description":"Darya dental ekibi ile k\u00fcresel uzmanl\u0131\u011f\u0131 deneyimleyin. Yetenekli profesyonellerimiz di\u015f sa\u011fl\u0131\u011f\u0131 yolculu\u011funuza kendini adam\u0131\u015ft\u0131r.","og_url":"https:\/\/daryadentalturkey.com\/tr\/ekibimiz\/","og_site_name":"Darya Dental Clinic","article_publisher":"https:\/\/www.facebook.com\/daryadentalturkey","article_modified_time":"2026-03-11T08:54:19+00:00","og_image":[{"url":"https:\/\/daryadentalturkey.com\/staging\/wp-content\/uploads\/Team-with-Darya-Hn.-copy-1024x384.webp","type":"","width":"","height":""}],"twitter_card":"summary_large_image","twitter_title":"Ekibimiz","schema":{"@context":"https:\/\/schema.org","@graph":[{"@type":"WebPage","@id":"https:\/\/daryadentalturkey.com\/tr\/ekibimiz\/","url":"https:\/\/daryadentalturkey.com\/tr\/ekibimiz\/","name":"Ekibimiz - Darya Dental Clinic","isPartOf":{"@id":"https:\/\/daryadentalturkey.com\/tr\/#website"},"datePublished":"2025-12-15T08:46:54+00:00","dateModified":"2026-03-11T08:54:19+00:00","description":"Darya Dental Turkey'de uzman di\u015f hekimli\u011fi ekibi. Sertifikal\u0131 uzmanlar, \u00e7ok dilli destek, kozmetik di\u015f hekimli\u011fi & dental turizmde kapsaml\u0131 deneyim.","breadcrumb":{"@id":"https:\/\/daryadentalturkey.com\/tr\/ekibimiz\/#breadcrumb"},"inLanguage":"tr","potentialAction":[{"@type":"ReadAction","target":["https:\/\/daryadentalturkey.com\/tr\/ekibimiz\/"]}]},{"@type":"BreadcrumbList","@id":"https:\/\/daryadentalturkey.com\/tr\/ekibimiz\/#breadcrumb","itemListElement":[{"@type":"ListItem","position":1,"name":"Home","item":"https:\/\/daryadentalturkey.com\/tr\/"},{"@type":"ListItem","position":2,"name":"Ekibimiz"}]},{"@type":"WebSite","@id":"https:\/\/daryadentalturkey.com\/tr\/#website","url":"https:\/\/daryadentalturkey.com\/tr\/","name":"Darya Dental Clinic","description":"","potentialAction":[{"@type":"SearchAction","target":{"@type":"EntryPoint","urlTemplate":"https:\/\/daryadentalturkey.com\/tr\/?s={search_term_string}"},"query-input":{"@type":"PropertyValueSpecification","valueRequired":true,"valueName":"search_term_string"}}],"inLanguage":"tr"}]}},"_links":{"self":[{"href":"https:\/\/daryadentalturkey.com\/tr\/wp-json\/wp\/v2\/pages\/2880","targetHints":{"allow":["GET"]}}],"collection":[{"href":"https:\/\/daryadentalturkey.com\/tr\/wp-json\/wp\/v2\/pages"}],"about":[{"href":"https:\/\/daryadentalturkey.com\/tr\/wp-json\/wp\/v2\/types\/page"}],"author":[{"embeddable":true,"href":"https:\/\/daryadentalturkey.com\/tr\/wp-json\/wp\/v2\/users\/2"}],"replies":[{"embeddable":true,"href":"https:\/\/daryadentalturkey.com\/tr\/wp-json\/wp\/v2\/comments?post=2880"}],"version-history":[{"count":11,"href":"https:\/\/daryadentalturkey.com\/tr\/wp-json\/wp\/v2\/pages\/2880\/revisions"}],"predecessor-version":[{"id":5421,"href":"https:\/\/daryadentalturkey.com\/tr\/wp-json\/wp\/v2\/pages\/2880\/revisions\/5421"}],"wp:attachment":[{"href":"https:\/\/daryadentalturkey.com\/tr\/wp-json\/wp\/v2\/media?parent=2880"}],"curies":[{"name":"wp","href":"https:\/\/api.w.org\/{rel}","templated":true}]}}