{"id":2872,"date":"2025-12-15T13:06:01","date_gmt":"2025-12-15T10:06:01","guid":{"rendered":"https:\/\/daryadentalturkey.com\/staging\/darya-ozcan-ile-tanisin\/"},"modified":"2026-05-06T10:51:56","modified_gmt":"2026-05-06T07:51:56","slug":"darya-ozcan-ile-tanisin","status":"publish","type":"page","link":"https:\/\/daryadentalturkey.com\/tr\/darya-ozcan-ile-tanisin\/","title":{"rendered":"Darya Ozcan ile Tan\u0131\u015f\u0131n"},"content":{"rendered":"","protected":false},"excerpt":{"rendered":"","protected":false},"author":2,"featured_media":0,"parent":0,"menu_order":0,"comment_status":"closed","ping_status":"closed","template":"","meta":{"_acf_changed":false,"footnotes":""},"class_list":["post-2872","page","type-page","status-publish","hentry"],"acf":[],"yoast_head":"<!-- This site is optimized with the Yoast SEO Premium plugin v27.4 (Yoast SEO v27.4) - https:\/\/yoast.com\/product\/yoast-seo-premium-wordpress\/ -->\n<title>Darya \u00d6zcan ile Tan\u0131\u015f\u0131n - Darya Dental Clinic<\/title>\n<meta name=\"description\" content=\"Darya \u00d6zcan, Darya Dental Clinic\u2019in kurucusudur ve klinik b\u00fcnyesinde modern di\u015f hekimli\u011fi hizmetlerinin y\u00f6netimini \u00fcstlenmektedir.\" \/>\n<meta name=\"robots\" content=\"index, follow, max-snippet:-1, max-image-preview:large, max-video-preview:-1\" \/>\n<link rel=\"canonical\" href=\"https:\/\/daryadentalturkey.com\/tr\/darya-ozcan-ile-tanisin\/\" \/>\n<meta property=\"og:locale\" content=\"tr_TR\" \/>\n<meta property=\"og:type\" content=\"article\" \/>\n<meta property=\"og:title\" content=\"Darya Ozcan: G\u00fcven ve \u015eeffafl\u0131k Yolculu\u011fu\" \/>\n<meta property=\"og:description\" content=\"Darya \u00d6zcan&#039;\u0131n, sa\u011fl\u0131k hizmetlerinde \u015feffafl\u0131k ve g\u00fcvende anlaml\u0131 bir etki yaratmak i\u00e7in Kanada&#039;daki konfor alan\u0131n\u0131 nas\u0131l terk etti\u011fini ke\u015ffedin.\" \/>\n<meta property=\"og:url\" content=\"https:\/\/daryadentalturkey.com\/tr\/darya-ozcan-ile-tanisin\/\" \/>\n<meta property=\"og:site_name\" content=\"Darya Dental Clinic\" \/>\n<meta property=\"article:publisher\" content=\"https:\/\/www.facebook.com\/daryadentalturkey\" \/>\n<meta property=\"article:modified_time\" content=\"2026-05-06T07:51:56+00:00\" \/>\n<meta property=\"og:image\" content=\"https:\/\/daryadentalturkey.com\/staging\/wp-content\/uploads\/WhatsApp-Image-2025-12-29-at-16.28.46-copy-265x300.webp\" \/>\n<meta name=\"twitter:card\" content=\"summary_large_image\" \/>\n<meta name=\"twitter:title\" content=\"Darya Ozcan ile Tan\u0131\u015f\u0131n\" \/>\n<meta name=\"twitter:label1\" content=\"Tahmini okuma s\u00fcresi\" \/>\n\t<meta name=\"twitter:data1\" content=\"4 dakika\" \/>\n<script type=\"application\/ld+json\" class=\"yoast-schema-graph\">{\"@context\":\"https:\\\/\\\/schema.org\",\"@graph\":[{\"@type\":\"WebPage\",\"@id\":\"https:\\\/\\\/daryadentalturkey.com\\\/tr\\\/darya-ozcan-ile-tanisin\\\/\",\"url\":\"https:\\\/\\\/daryadentalturkey.com\\\/tr\\\/darya-ozcan-ile-tanisin\\\/\",\"name\":\"Darya \u00d6zcan ile Tan\u0131\u015f\u0131n - Darya Dental Clinic\",\"isPartOf\":{\"@id\":\"https:\\\/\\\/daryadentalturkey.com\\\/tr\\\/#website\"},\"datePublished\":\"2025-12-15T10:06:01+00:00\",\"dateModified\":\"2026-05-06T07:51:56+00:00\",\"description\":\"Darya \u00d6zcan, Darya Dental Clinic\u2019in kurucusudur ve klinik b\u00fcnyesinde modern di\u015f hekimli\u011fi hizmetlerinin y\u00f6netimini \u00fcstlenmektedir.\",\"breadcrumb\":{\"@id\":\"https:\\\/\\\/daryadentalturkey.com\\\/tr\\\/darya-ozcan-ile-tanisin\\\/#breadcrumb\"},\"inLanguage\":\"tr\",\"potentialAction\":[{\"@type\":\"ReadAction\",\"target\":[\"https:\\\/\\\/daryadentalturkey.com\\\/tr\\\/darya-ozcan-ile-tanisin\\\/\"]}]},{\"@type\":\"BreadcrumbList\",\"@id\":\"https:\\\/\\\/daryadentalturkey.com\\\/tr\\\/darya-ozcan-ile-tanisin\\\/#breadcrumb\",\"itemListElement\":[{\"@type\":\"ListItem\",\"position\":1,\"name\":\"Home\",\"item\":\"https:\\\/\\\/daryadentalturkey.com\\\/tr\\\/\"},{\"@type\":\"ListItem\",\"position\":2,\"name\":\"Darya Ozcan ile Tan\u0131\u015f\u0131n\"}]},{\"@type\":\"WebSite\",\"@id\":\"https:\\\/\\\/daryadentalturkey.com\\\/tr\\\/#website\",\"url\":\"https:\\\/\\\/daryadentalturkey.com\\\/tr\\\/\",\"name\":\"Darya Dental Clinic\",\"description\":\"\",\"potentialAction\":[{\"@type\":\"SearchAction\",\"target\":{\"@type\":\"EntryPoint\",\"urlTemplate\":\"https:\\\/\\\/daryadentalturkey.com\\\/tr\\\/?s={search_term_string}\"},\"query-input\":{\"@type\":\"PropertyValueSpecification\",\"valueRequired\":true,\"valueName\":\"search_term_string\"}}],\"inLanguage\":\"tr\"}]}<\/script>\n<!-- \/ Yoast SEO Premium plugin. -->","yoast_head_json":{"title":"Darya \u00d6zcan ile Tan\u0131\u015f\u0131n - Darya Dental Clinic","description":"Darya \u00d6zcan, Darya Dental Clinic\u2019in kurucusudur ve klinik b\u00fcnyesinde modern di\u015f hekimli\u011fi hizmetlerinin y\u00f6netimini \u00fcstlenmektedir.","robots":{"index":"index","follow":"follow","max-snippet":"max-snippet:-1","max-image-preview":"max-image-preview:large","max-video-preview":"max-video-preview:-1"},"canonical":"https:\/\/daryadentalturkey.com\/tr\/darya-ozcan-ile-tanisin\/","og_locale":"tr_TR","og_type":"article","og_title":"Darya Ozcan: G\u00fcven ve \u015eeffafl\u0131k Yolculu\u011fu","og_description":"Darya \u00d6zcan'\u0131n, sa\u011fl\u0131k hizmetlerinde \u015feffafl\u0131k ve g\u00fcvende anlaml\u0131 bir etki yaratmak i\u00e7in Kanada'daki konfor alan\u0131n\u0131 nas\u0131l terk etti\u011fini ke\u015ffedin.","og_url":"https:\/\/daryadentalturkey.com\/tr\/darya-ozcan-ile-tanisin\/","og_site_name":"Darya Dental Clinic","article_publisher":"https:\/\/www.facebook.com\/daryadentalturkey","article_modified_time":"2026-05-06T07:51:56+00:00","og_image":[{"url":"https:\/\/daryadentalturkey.com\/staging\/wp-content\/uploads\/WhatsApp-Image-2025-12-29-at-16.28.46-copy-265x300.webp","type":"","width":"","height":""}],"twitter_card":"summary_large_image","twitter_title":"Darya Ozcan ile Tan\u0131\u015f\u0131n","twitter_misc":{"Tahmini okuma s\u00fcresi":"4 dakika"},"schema":{"@context":"https:\/\/schema.org","@graph":[{"@type":"WebPage","@id":"https:\/\/daryadentalturkey.com\/tr\/darya-ozcan-ile-tanisin\/","url":"https:\/\/daryadentalturkey.com\/tr\/darya-ozcan-ile-tanisin\/","name":"Darya \u00d6zcan ile Tan\u0131\u015f\u0131n - Darya Dental Clinic","isPartOf":{"@id":"https:\/\/daryadentalturkey.com\/tr\/#website"},"datePublished":"2025-12-15T10:06:01+00:00","dateModified":"2026-05-06T07:51:56+00:00","description":"Darya \u00d6zcan, Darya Dental Clinic\u2019in kurucusudur ve klinik b\u00fcnyesinde modern di\u015f hekimli\u011fi hizmetlerinin y\u00f6netimini \u00fcstlenmektedir.","breadcrumb":{"@id":"https:\/\/daryadentalturkey.com\/tr\/darya-ozcan-ile-tanisin\/#breadcrumb"},"inLanguage":"tr","potentialAction":[{"@type":"ReadAction","target":["https:\/\/daryadentalturkey.com\/tr\/darya-ozcan-ile-tanisin\/"]}]},{"@type":"BreadcrumbList","@id":"https:\/\/daryadentalturkey.com\/tr\/darya-ozcan-ile-tanisin\/#breadcrumb","itemListElement":[{"@type":"ListItem","position":1,"name":"Home","item":"https:\/\/daryadentalturkey.com\/tr\/"},{"@type":"ListItem","position":2,"name":"Darya Ozcan ile Tan\u0131\u015f\u0131n"}]},{"@type":"WebSite","@id":"https:\/\/daryadentalturkey.com\/tr\/#website","url":"https:\/\/daryadentalturkey.com\/tr\/","name":"Darya Dental Clinic","description":"","potentialAction":[{"@type":"SearchAction","target":{"@type":"EntryPoint","urlTemplate":"https:\/\/daryadentalturkey.com\/tr\/?s={search_term_string}"},"query-input":{"@type":"PropertyValueSpecification","valueRequired":true,"valueName":"search_term_string"}}],"inLanguage":"tr"}]}},"_links":{"self":[{"href":"https:\/\/daryadentalturkey.com\/tr\/wp-json\/wp\/v2\/pages\/2872","targetHints":{"allow":["GET"]}}],"collection":[{"href":"https:\/\/daryadentalturkey.com\/tr\/wp-json\/wp\/v2\/pages"}],"about":[{"href":"https:\/\/daryadentalturkey.com\/tr\/wp-json\/wp\/v2\/types\/page"}],"author":[{"embeddable":true,"href":"https:\/\/daryadentalturkey.com\/tr\/wp-json\/wp\/v2\/users\/2"}],"replies":[{"embeddable":true,"href":"https:\/\/daryadentalturkey.com\/tr\/wp-json\/wp\/v2\/comments?post=2872"}],"version-history":[{"count":14,"href":"https:\/\/daryadentalturkey.com\/tr\/wp-json\/wp\/v2\/pages\/2872\/revisions"}],"predecessor-version":[{"id":4052,"href":"https:\/\/daryadentalturkey.com\/tr\/wp-json\/wp\/v2\/pages\/2872\/revisions\/4052"}],"wp:attachment":[{"href":"https:\/\/daryadentalturkey.com\/tr\/wp-json\/wp\/v2\/media?parent=2872"}],"curies":[{"name":"wp","href":"https:\/\/api.w.org\/{rel}","templated":true}]}}